{"id":485,"date":"2023-08-22T10:17:43","date_gmt":"2023-08-22T08:17:43","guid":{"rendered":"http:\/\/mzasada.pl\/?page_id=485"},"modified":"2024-02-09T12:13:06","modified_gmt":"2024-02-09T11:13:06","slug":"rektor-2020-2024","status":"publish","type":"page","link":"https:\/\/mzasada.pl\/index.php\/rektor-2020-2024\/","title":{"rendered":"Rektor 2020-2024"},"content":{"rendered":"\n<p class=\"has-text-align-left\">Od g\u0142osowania 30 czerwca 2020 roku, kiedy Kolegium Elektor\u00f3w wybra\u0142o mnie na rektora, min\u0119\u0142o ju\u017c du\u017co czasu. Poni\u017cej linki do materia\u0142\u00f3w wyborczych z czasu kampanii:<\/p>\n\n\n\n<p><a href=\"http:\/\/mzasada.pl\/index.php\/wybory-2020\/\">SGGW &#8211; nasza Alma Mater<\/a><\/p>\n\n\n\n<p><a href=\"http:\/\/mzasada.pl\/index.php\/dlaczego-kandyduje\/\">Dlaczego zdecydowa\u0142em si\u0119 kandydowa\u0107?<\/a><\/p>\n\n\n\n<p><a href=\"http:\/\/mzasada.pl\/index.php\/sggw\/\">SGGW dzi\u015b<\/a><\/p>\n\n\n\n<p><a href=\"http:\/\/mzasada.pl\/index.php\/program\/\">Program<\/a><\/p>\n\n\n\n<p><a href=\"http:\/\/mzasada.pl\/index.php\/debata\/\">Debata<\/a><\/p>\n\n\n\n<p><a href=\"https:\/\/www.youtube.com\/watch?v=jbzjyRqj6N0\">Przem\u00f3wienie do Spo\u0142eczno\u015bci Akademickiej po wyborach<\/a><\/p>\n\n\n\n<p>Mimo tego, \u017ce czas ostatniej kadencji nie by\u0142 to \u0142atwy, dzi\u0119ki zaanga\u017cowaniu ca\u0142ej Spo\u0142eczno\u015bci SGGW <a href=\"http:\/\/mzasada.pl\/?page_id=524\" data-type=\"page\" data-id=\"524\">uda\u0142o si\u0119 zrobi\u0107 wiele dobrego dla naszej Alma Mater<\/a>. <\/p>\n\n\n\n<p><\/p>\n","protected":false},"excerpt":{"rendered":"<p>Od g\u0142osowania 30 czerwca 2020 roku, kiedy Kolegium Elektor\u00f3w wybra\u0142o mnie na rektora, min\u0119\u0142o ju\u017c du\u017co czasu. Poni\u017cej linki do materia\u0142\u00f3w wyborczych z czasu kampanii: SGGW &#8211; nasza Alma Mater Dlaczego zdecydowa\u0142em si\u0119 kandydowa\u0107? SGGW dzi\u015b Program Debata Przem\u00f3wienie do Spo\u0142eczno\u015bci Akademickiej po wyborach Mimo tego, \u017ce czas ostatniej kadencji nie by\u0142 to \u0142atwy, dzi\u0119ki&#8230;<\/p>\n","protected":false},"author":1,"featured_media":504,"parent":0,"menu_order":0,"comment_status":"closed","ping_status":"closed","template":"","meta":{"footnotes":""},"_links":{"self":[{"href":"https:\/\/mzasada.pl\/index.php\/wp-json\/wp\/v2\/pages\/485"}],"collection":[{"href":"https:\/\/mzasada.pl\/index.php\/wp-json\/wp\/v2\/pages"}],"about":[{"href":"https:\/\/mzasada.pl\/index.php\/wp-json\/wp\/v2\/types\/page"}],"author":[{"embeddable":true,"href":"https:\/\/mzasada.pl\/index.php\/wp-json\/wp\/v2\/users\/1"}],"replies":[{"embeddable":true,"href":"https:\/\/mzasada.pl\/index.php\/wp-json\/wp\/v2\/comments?post=485"}],"version-history":[{"count":12,"href":"https:\/\/mzasada.pl\/index.php\/wp-json\/wp\/v2\/pages\/485\/revisions"}],"predecessor-version":[{"id":525,"href":"https:\/\/mzasada.pl\/index.php\/wp-json\/wp\/v2\/pages\/485\/revisions\/525"}],"wp:featuredmedia":[{"embeddable":true,"href":"https:\/\/mzasada.pl\/index.php\/wp-json\/wp\/v2\/media\/504"}],"wp:attachment":[{"href":"https:\/\/mzasada.pl\/index.php\/wp-json\/wp\/v2\/media?parent=485"}],"curies":[{"name":"wp","href":"https:\/\/api.w.org\/{rel}","templated":true}]}}