{"id":34,"date":"2020-06-09T23:41:58","date_gmt":"2020-06-09T21:41:58","guid":{"rendered":"http:\/\/mzasada.pl\/?page_id=34"},"modified":"2020-06-18T13:01:35","modified_gmt":"2020-06-18T11:01:35","slug":"prywatnie","status":"publish","type":"page","link":"https:\/\/mzasada.pl\/index.php\/prywatnie\/","title":{"rendered":"Prywatnie"},"content":{"rendered":"\n<div class=\"wp-block-media-text has-media-on-the-right is-stacked-on-mobile is-vertically-aligned-center\" style=\"grid-template-columns:auto 15%\"><figure class=\"wp-block-media-text__media\"><img loading=\"lazy\" decoding=\"async\" width=\"383\" height=\"300\" src=\"http:\/\/mzasada.pl\/wp-content\/uploads\/2020\/06\/Wroclaw_1.jpg\" alt=\"\" class=\"wp-image-307\" srcset=\"https:\/\/mzasada.pl\/wp-content\/uploads\/2020\/06\/Wroclaw_1.jpg 383w, https:\/\/mzasada.pl\/wp-content\/uploads\/2020\/06\/Wroclaw_1-300x235.jpg 300w\" sizes=\"(max-width: 383px) 100vw, 383px\" \/><\/figure><div class=\"wp-block-media-text__content\">\n<p class=\"has-lg-font-size\">Urodzi\u0142em si\u0119 w 1969 roku we Wroc\u0142awiu, cho\u0107 moja rodzina pochodzi z Wielkopolski, Kujaw, Ziemi Dobrzy\u0144skiej i spod Tatr. Jestem le\u015bnikiem w drugim pokoleniu. <\/p>\n<\/div><\/div>\n\n\n\n<div class=\"wp-block-media-text has-media-on-the-right is-stacked-on-mobile is-vertically-aligned-center\" style=\"grid-template-columns:auto 15%\"><figure class=\"wp-block-media-text__media\"><img loading=\"lazy\" decoding=\"async\" width=\"250\" height=\"194\" src=\"http:\/\/mzasada.pl\/wp-content\/uploads\/2020\/06\/antelope-e1592049680927.jpg\" alt=\"\" class=\"wp-image-280\"\/><\/figure><div class=\"wp-block-media-text__content\">\n<p class=\"has-lg-font-size\">Od ponad \u0107wier\u0107 wieku jestem \u017conaty z cudown\u0105 i wyrozumia\u0142\u0105 Bo\u017cen\u0105. Mam tr\u00f3jk\u0119 wspania\u0142ych dzieci: Aleksandr\u0119 (absolwentk\u0119 SGGW), Piotra i Ani\u0119.<\/p>\n<\/div><\/div>\n\n\n\n<div class=\"wp-block-media-text has-media-on-the-right is-stacked-on-mobile is-vertically-aligned-center\" style=\"grid-template-columns:auto 15%\"><figure class=\"wp-block-media-text__media\"><img loading=\"lazy\" decoding=\"async\" width=\"250\" height=\"184\" src=\"http:\/\/mzasada.pl\/wp-content\/uploads\/2020\/06\/w0aih_small-2.jpg\" alt=\"\" class=\"wp-image-123\"\/><\/figure><div class=\"wp-block-media-text__content\">\n<p class=\"has-lg-font-size\">Od ponad 35 lat jestem <a href=\"https:\/\/www.qrz.com\/db\/SP5TAT\">kr\u00f3tkofalowcem<\/a>. Szczeg\u00f3lnie interesuje mnie nawi\u0105zywanie \u0142\u0105czno\u015bci alfabetem Morse&#8217;a z odleg\u0142ymi zak\u0105tkami Ziemi, rywalizacja w zawodach i budowanie anten. <\/p>\n<\/div><\/div>\n\n\n\n<div class=\"wp-block-media-text has-media-on-the-right is-stacked-on-mobile is-vertically-aligned-center\" style=\"grid-template-columns:auto 15%\"><figure class=\"wp-block-media-text__media\"><img loading=\"lazy\" decoding=\"async\" width=\"250\" height=\"188\" src=\"http:\/\/mzasada.pl\/wp-content\/uploads\/2020\/06\/Step.jpg\" alt=\"\" class=\"wp-image-108\"\/><\/figure><div class=\"wp-block-media-text__content\">\n<p class=\"has-lg-font-size\">Pasjonuj\u0105 mnie podr\u00f3\u017ce, bliskie i dalekie: poznawanie ludzi, odkrywanie historii i kultury, podziwianie krajobraz\u00f3w, ch\u0142oni\u0119cie przyrody i smakowanie kuchni.<\/p>\n<\/div><\/div>\n\n\n\n<p><\/p>\n","protected":false},"excerpt":{"rendered":"<p>Urodzi\u0142em si\u0119 w 1969 roku we Wroc\u0142awiu, cho\u0107 moja rodzina pochodzi z Wielkopolski, Kujaw, Ziemi Dobrzy\u0144skiej i spod Tatr. Jestem le\u015bnikiem w drugim pokoleniu. Od ponad \u0107wier\u0107 wieku jestem \u017conaty z cudown\u0105 i wyrozumia\u0142\u0105 Bo\u017cen\u0105. Mam tr\u00f3jk\u0119 wspania\u0142ych dzieci: Aleksandr\u0119 (absolwentk\u0119 SGGW), Piotra i Ani\u0119. Od ponad 35 lat jestem kr\u00f3tkofalowcem. Szczeg\u00f3lnie interesuje mnie nawi\u0105zywanie&#8230;<\/p>\n","protected":false},"author":1,"featured_media":279,"parent":0,"menu_order":0,"comment_status":"closed","ping_status":"closed","template":"","meta":{"footnotes":""},"_links":{"self":[{"href":"https:\/\/mzasada.pl\/index.php\/wp-json\/wp\/v2\/pages\/34"}],"collection":[{"href":"https:\/\/mzasada.pl\/index.php\/wp-json\/wp\/v2\/pages"}],"about":[{"href":"https:\/\/mzasada.pl\/index.php\/wp-json\/wp\/v2\/types\/page"}],"author":[{"embeddable":true,"href":"https:\/\/mzasada.pl\/index.php\/wp-json\/wp\/v2\/users\/1"}],"replies":[{"embeddable":true,"href":"https:\/\/mzasada.pl\/index.php\/wp-json\/wp\/v2\/comments?post=34"}],"version-history":[{"count":24,"href":"https:\/\/mzasada.pl\/index.php\/wp-json\/wp\/v2\/pages\/34\/revisions"}],"predecessor-version":[{"id":326,"href":"https:\/\/mzasada.pl\/index.php\/wp-json\/wp\/v2\/pages\/34\/revisions\/326"}],"wp:featuredmedia":[{"embeddable":true,"href":"https:\/\/mzasada.pl\/index.php\/wp-json\/wp\/v2\/media\/279"}],"wp:attachment":[{"href":"https:\/\/mzasada.pl\/index.php\/wp-json\/wp\/v2\/media?parent=34"}],"curies":[{"name":"wp","href":"https:\/\/api.w.org\/{rel}","templated":true}]}}