{"id":26,"date":"2020-06-09T23:17:29","date_gmt":"2020-06-09T21:17:29","guid":{"rendered":"http:\/\/mzasada.pl\/?page_id=26"},"modified":"2024-03-15T13:08:08","modified_gmt":"2024-03-15T12:08:08","slug":"o-mnie","status":"publish","type":"page","link":"https:\/\/mzasada.pl\/index.php\/o-mnie\/","title":{"rendered":"O mnie"},"content":{"rendered":"\n<h1>Prof. dr hab. in\u017c. Micha\u0142 Jerzy Zasada<\/h1>\n\n\n\n<span class=\"collapseomatic \" id=\"id69e12321d3f26\"  tabindex=\"0\" title=\"&lt;h4&gt;PODSTAWOWE INFORMACJE&lt;\/h4&gt;\"    ><h4>PODSTAWOWE INFORMACJE<\/h4><\/span><div id=\"target-id69e12321d3f26\" class=\"collapseomatic_content \">\n<li> Afiliacja: Szko\u0142a G\u0142\u00f3wna Gospodarstwa Wiejskiego w Warszawie<\/p> \n<li> J\u0119zyki obce: angielski, rosyjski<\/p> \n<li> Zainteresowania zawodowe: modele wzrostu, dendrometria, biometria<\/p> \n<li> Og\u00f3lne zainteresowania: kr\u00f3tkofalarstwo, podr\u00f3\u017ce, nowoczesne technologie<\/p> \n<\/div>\n\n\n\n<span class=\"collapseomatic \" id=\"id69e12321d4014\"  tabindex=\"0\" title=\"&lt;h4&gt;EDUKACJA, STOPNIE I TYTU\u0141Y NAUKOWE&lt;\/h4&gt;\"    ><h4>EDUKACJA, STOPNIE I TYTU\u0141Y NAUKOWE<\/h4><\/span><div id=\"target-id69e12321d4014\" class=\"collapseomatic_content \">\n<li> <strong>Luty 2014<\/strong> &#8211; Profesor nauk le\u015bnych<\/p>\n<li> <strong>Marzec 2008<\/strong> &#8211; Doktor habilitowany nauk le\u015bnych. Wydzia\u0142 Le\u015bny SGGW w Warszawie (\u201eZastosowanie modeli wzrostu do prognozowania d\u0142ugookresowych zmian zasob\u00f3w le\u015bnych na podstawie danych z wielkoobszarowej inwentaryzacji lasu\u201d)<\/p>\n<li> <strong>Pa\u017adziernik 1998<\/strong> &#8211; Doktor nauk le\u015bnych. Wydzia\u0142 Le\u015bny SGGW w Warszawie. Specjalno\u015b\u0107 : dendrometria i nauka o produkcyjno\u015bci lasu (\u201eModel wzrostu dla jod\u0142y \/Abies alba Mill.\/\u201d)<\/p>\n<li> <strong>Czerwiec 1993<\/strong> &#8211; Magister in\u017cynier le\u015bnictwa. Wydzia\u0142 Le\u015bny SGGW w Warszawie (\u201eKszta\u0142towanie si\u0119 struktury drzewostan\u00f3w sosnowych na sta\u0142ych powierzchniach do\u015bwiadczalnych w nadle\u015bnictwie Maskuli\u0144skie\u201d)<\/p>\n<li> <strong>Czerwiec 1988<\/strong> &#8211; Liceum og\u00f3lnokszta\u0142c\u0105ce im. Ignacego Jana Paderewskiego w Sulej\u00f3wku, klasa o profilu matematyczno-fizycznym<\/p>\n<\/div>\n\n\n\n<span class=\"collapseomatic \" id=\"id69e12321d4061\"  tabindex=\"0\" title=\"&lt;H4&gt;DO\u015aWIADCZENIE ZAWODOWE, STANOWISKA, FUNKCJE&lt;\/H4&gt;\"    ><H4>DO\u015aWIADCZENIE ZAWODOWE, STANOWISKA, FUNKCJE<\/H4><\/span><div id=\"target-id69e12321d4061\" class=\"collapseomatic_content \">\n<li> <strong>Wrzesie\u0144 2020-obecnie<\/strong> &#8211;\nRektor SGGW w Warszawie (kadencja 2020-2024)<\/p>\n<li> <strong>Wrzesie\u0144 2016-sierpie\u0144 2020<\/strong> &#8211;\nProrektor ds. Wsp\u00f3\u0142pracy Mi\u0119dzynarodowej SGGW w Warszawie (kadencja 2016-2020)<\/p>\n<li> <strong>Pa\u017adziernik 2019-obecnie<\/strong> \u2013 Profesor w Katedrze Urz\u0105dzania Lasu, Dendrometrii i Ekonomiki Le\u015bnictwa, Zak\u0142ad Dendrometrii i Produkcyjno\u015bci Lasu, Instytut Nauk Le\u015bnych SGGW w Warszawie\n<li> <strong>Pa\u017adziernik 2016-wrzesie\u0144 2019<\/strong> &#8211; Profesor zwyczajny w Samodzielnej Pracowni Dendrometrii i Nauki o Produkcyjno\u015bci Lasu, Wydzia\u0142 Le\u015bny SGGW w Warszawie<\/p>\n<li> <strong>Grudzie\u0144 2012-<\/strong> Profesor wizytuj\u0105cy w Kazachskim Uniwersytecie Agrotechnicznym (wyk\u0142ady w j\u0119zyku rosyjskim)<\/p>\n<li> <strong>Pa\u017adziernik 2010-wrzesie\u0144 2016<\/strong> &#8211; Profesor nadzwyczajny w Samodzielnej Pracowni Dendrometrii i Nauki o Produkcyjno\u015bci Lasu, Wydzia\u0142 Le\u015bny SGGW w Warszawie<\/p>\n<li> <strong>Wrzesie\u0144 2012-sierpie\u0144 2016<\/strong> &#8211; Prodziekan ds. Nauki Wydzia\u0142u Le\u015bnego SGGW w Warszawie (kadencja 2012-2016)<\/p>\n<li> <strong>Wrzesie\u0144 2008-sierpie\u0144 2012<\/strong> &#8211; Dziekan Wydzia\u0142u Le\u015bnego SGGW w Warszawie (kadencja 2008-2012)<\/p>\n<li> <strong>Wrzesie\u0144 2005-sierpie\u0144 2008<\/strong> &#8211; Prodziekan ds. Dydaktyki Wydzia\u0142u Le\u015bnego SGGW w Warszawie (kadencja 2005-2008)<\/p>\n<li> <strong>Sierpie\u0144 2004-lipiec 2012<\/strong> &#8211; Adjunct Assistant Professor w D.B. Warnell School of Natural and Forest Resources, University of\nGeorgia, Athens, GA, USA<\/p>\n<li> <strong>Stycze\u0144 2001-Czerwiec 2004<\/strong> &#8211; Postdoc (research scholar) w D.B. Warnell School of Forest Resources, University of Georgia, Athens, GA, USA. Temat badawczy: \u201cLong-term sustainability analysis of forest resources in Georgia and assessment of potential impacts of riparian zones and other regulatory and business constraints\u201d, finansowany przez TIP3<\/p>\n<li> <strong>Listopad 1998-wrzesie\u0144 2010<\/strong> &#8211; Adiunkt w Samodzielnym Zak\u0142adzie Dendrometrii i Nauki o Produkcyjno\u015bci Lasu, Wydzia\u0142 Le\u015bny SGGW w Warszawie<\/p>\n<li> <strong>Wrzesie\u0144 1995-wrzesie\u0144 1997<\/strong> &#8211; Programista w Instytucie Badania Opinii i Rynku \u201cPentor\u201d w Warszawie<\/p>\n<li> <strong>Pa\u017adziernik 1993-pa\u017adziernik 1998<\/strong> &#8211; Asystent w Katedrze Produkcyjno\u015bci Lasu, Wydzia\u0142 Le\u015bny SGGW w Warszawie<\/p>\n<\/div>\n\n\n\n<span class=\"collapseomatic \" id=\"id69e12321d40a1\"  tabindex=\"0\" title=\"&lt;h4&gt;OSI\u0104GNI\u0118CIA NAUKOWE&lt;\/h4&gt;\"    ><h4>OSI\u0104GNI\u0118CIA NAUKOWE<\/h4><\/span><div id=\"target-id69e12321d40a1\" class=\"collapseomatic_content \">\n<li> Autor ponad 100 <b>publikacji<\/b>, w tym ponad 50 w czasopismach indeksowanych w Web of Science, liczba <b>cytowa\u0144<\/b> >850, <b>indeks Hirsha<\/b> 13 (WoS) \/ 16 (Scopus), sumaryczny IF &gt;60.<\/p>\n\n<li> <b>Promotor<\/b> 4 zako\u0144czonych przewod\u00f3w doktorskich, <b>Recenzent<\/b> w 5 przewodach doktorskich (w tym 1 zagranicznym), 3 przewodach habilitacyjnych i 1 post\u0119powaniu na tytu\u0142 profesora, <b>Oponent<\/b> w 1 przewodzie doktorskim w Finlandii.<\/p>\n\n<li> Kierownik, koordynator w SGGW lub g\u0142\u00f3wny wykonawca w 2 <b>projektach zagranicznych<\/b> (7 Program Ramowy, Horyzont 2020), 3 <b>projektach krajowych<\/b> finansowanych przez KBN, NCN i NCBiR, 7 <b>tematach zleconych<\/b> finansowanych przez Lasy Pa\u0144stwowe, w tym projektach wdro\u017conych do praktyki, 3 <b>projektach dydaktycznych<\/b> i budowy potencja\u0142u (<i>capacity building<\/i>) w ramach Tempus, Erasmus+ i FSS, udzia\u0142 w ponad 25 projektach finansowanych z r\u00f3\u017cnych \u017ar\u00f3de\u0142 krajowych i zagranicznych.<\/p>\n<\/div>\n\n\n\n<span class=\"collapseomatic \" id=\"id69e12321d40e2\"  tabindex=\"0\" title=\"&lt;H4&gt;PUBLIKACJE (ostatnie 5 lat)&lt;\/H4&gt;\"    ><H4>PUBLIKACJE (ostatnie 5 lat)<\/H4><\/span><div id=\"target-id69e12321d40e2\" class=\"collapseomatic_content \">\n<li> <strong>Wi\u0119cej informacji w <a href=\"https:\/\/bw.sggw.edu.pl\/info\/author\/WULSf8ce3d453fb4464c887f6e8a82e2d5ee\/\">Bazie Wiedzy SGGW<\/a><\/strong> oraz na profilach: <a href=\"https:\/\/orcid.org\/0000-0002-4881-296X\"><b>ORCID<\/b><\/a>, <a href=\"https:\/\/www.scopus.com\/authid\/detail.uri?authorId=10739269100\"><b>Scopus<\/b><\/a> i <a href=\"https:\/\/scholar.google.pl\/citations?user=K9vbTPcAAAAJ\"><b>Google Scholar<\/b><\/a><\/p>\n<li> Aleksandrowicz-Trzci\u0144ska M., Bijak Sz., Sikora K., Bronisz K., Zasada M. 2023. Succession of ectomycorrhizal fungi in naturally regenerated silver birch Betula pendula Roth stands on post-agricultural land. Sylwan 167(3): 339\u2013356<\/p>\n<li> Milanovi\u010d S., Kaczmarowski J., Ciesielski M., Trailovic Z., Mielcarek M., Szczygie\u0142 R., Kwiatkowski M., Ba\u0142azy R., Zasada M., Milanovi\u010d S.D. 2023. Modeling and Mapping of Forest Fire Occurrence in the Lower Silesian Voivodeship of Poland Based on Machine Learning Methods. Forests 14(1): 1-20<\/p>\n<li> Ciesielski M., Ba\u0142azy R., Borkowski B., Szcz\u0119sny W., Zasada M., Kaczmarowski J., Kwiatkowski M., Szczygiel R., Milanovic S. 2022. Contribution of anthropogenic, vegetation, and topographic features to forest fire occurrence in Poland. iForests &#8211; Biogeosciences and Forestry 15(4), 307-314. http:\/\/www.sisef.it\/iforest\/contents\/?id=ifor4052-015<\/p>\n<li> Milanovi\u0107 S., Kaczmarowski J., Ciesielski M., Trailovi\u0107 Z., Mielcarek M., Szczygie\u0142 R., Kwiatkowski M., Ba\u0142azy R., Zasada M., Milanovi\u0107 S.D. 2022. Modeling and Mapping of Forest Fire Occurrence in the Lower Silesian Voivodeship of Poland Based on Machine Learning Methods. Forests 14(1), 46. https:\/\/www.mdpi.com\/1999-4907\/14\/1\/46<\/p>\n<li> Gaw\u0119da T., Ma\u0142ek S., B\u0142o\u0144ska E., Jagodzi\u0144ski A., Bijak S., Zasada M. 2021. Macro- and Micronutrient Contents in Soils of a Chronosequence of Naturally Regenerated Birch Stands on Abandoned Agricultural Lands in Central Poland. Forests 12(7), 956. https:\/\/www.mdpi.com\/1999-4907\/12\/7\/956<\/p>  \n<li> Cieszewski C.J., Zasada M., Lowe R.C., Liu S. 2021. Estimating Biomass and Carbon Storage by Georgia Forest Types and Species Groups Using the FIA Data Diameters, Basal Areas, Site Indices, and Total Heights. Forests 12, 141. https:\/\/doi.org\/10.3390\/f12020141<\/p>\n<li> Bronisz K., Bijak S., Wojtan R., Tomusiak R., Bronisz A., Baran P., Zasada M. 2021. Seemingly Unrelated Mixed-Effects Biomass Models for Black Locust in West Poland. Forests 12, 380. https:\/\/doi.org\/10.3390\/f12030380<\/p>\n<li> Bijak Sz., Bronisz A., Bronisz K., Tomusiak R., Wojtan R., Baran P., Czemiel T., Zasada M. 2020. Models to estimate the bark volume for Larix sp. in Poland. [In:] The 1st International Electronic Conference on Forests \u2014 Forests for a Better Future: Sustainability, Innovation, Interdisciplinarity session Forest Inventory, Quantitative Methods and Remote Sensing (doi:10.3390\/IECF2020-07915)<\/p>\n<li> Bronisz K., Zasada M. 2020. Taper models for black locust in west Poland. Silva Fennica vol. 54 no. 4 article id 10351. 18 p. doi:10.14214\/sf.1035<\/p>\n<p>Bronisz K. Zasada M. 2019. Comparison of Fixed-and Mixed-effects Approaches to Taper Modeling for Scots Pine in West Poland. Forests 10(975), doi:10.3390\/f10110975<\/p>\n<li> Ba\u0142azy R., Ciesielski M., Waraksa P., Zasada M., Zawi\u0142a-Nied\u017awiecki T. 2019. Deforestation processes in the Polish Mountains in the context of terrain topography. Forests 10, 1027; doi:10.3390\/f10111027<\/p>\n<li> Ba\u0142azy R., Zasada M., Ciesielski M., Waraksa P., Zawi\u0142a-Nied\u017awiecki T. 2019. Forest dieback processes in the Central European mountains in the context of terrain topography and selected stand attributes. Forest Ecology and Management 435: 106-119.<\/p>\n<li> Bronisz K., Grucha\u0142a A., Zasada M. 2019. Modelowanie grubo\u015bci kory wzd\u0142u\u017c pnia za pomoc\u0105 modeli zbie\u017cysto\u015bci. Sylwan 163(6): 469-478.<p>\n<li> Bronisz K. Zasada M. 2019. Comparison of Fixed-and Mixed-effects Approaches to Taper Modeling for Scots Pine in West Poland. Forests 10(975), doi:10.3390\/f10110975<\/p>\n<li> Hycza T., Ciesielski M., Zasada M., Ba\u0142azy R. 2019. Application of Black-Bridge Satellite Imagery for the Spatial Distribution of Salvage Cutting in Stands Damaged by Wind. Croatian Journal of Forest Engineering 40(1): 125-138.<\/p>\n<li> Gaw\u0119da T., B\u0142o\u0144ska E., Ma\u0142ek S., Bijak Sz., Zasada M. 2018. Zastosowanie ITGL w ocenie gleb porolnych z naturalnym odnowieniem brzozy. Sylwan 162(5): 396\u2212402.<\/p>\n<li> Jagodzi\u0144ski A.M., Zasada M., Bronisz K., Bronisz A., Bijak Sz. 2017. Biomass conversion and expansion factors for a chronosequence of young naturally regenerated silver birch (Betula pendula Roth) stands growing on post-agricultural sites. Forest Ecology and Management 384: 208-220.<\/p>\n<li> Zasada M., Bronisz K., Grucha\u0142a A., Drozdowski S. 2017. Poland. [In:] P\u00e4ivinen, R. and K\u00e4\u00e4r, L. (eds). 2017. From Forest Research to Forestry Practice \u2013 Approaches in Leveraging Forest Research in Northern and Central European Countries. Tapio Report NR 20.<\/p>\n<li> Bronisz K., Strub M., Cieszewski C., Bijak Sz., Bronisz A., Tomusiak R., Wojtan R., Zasada M. 2016. Empirical equations for estimating aboveground biomass of Betula pendula growing on former farmland in central Poland. Silva Fennica 50 (4) article id 1559 doi: 10.14214\/sf.1559.<\/p>\n<li> Bronisz K., Zasada M. 2016. Uproszczone wzory empiryczne do okre\u015blania suchej biomasy nadziemnej cz\u0119\u015bci drzew i ich komponent\u00f3w dla sosny zwyczajnej. Sylwan 160(4): 277-283.<\/p>\n<\/div>\n\n\n\n<span class=\"collapseomatic \" id=\"id69e12321d412f\"  tabindex=\"0\" title=\"&lt;h4&gt;WYBRANE PROJEKTY BADAWCZE&lt;\/h4&gt;\"    ><h4>WYBRANE PROJEKTY BADAWCZE<\/h4><\/span><div id=\"target-id69e12321d412f\" class=\"collapseomatic_content \">\n<li> <strong>2017-2018<\/strong> &#8211; Repozytorium dendrometryczne, modelowanie grubo\u015bci kory drewna d\u0142u\u017cycowego oraz wzory do obliczania mi\u0105\u017cszo\u015bci drewna k\u0142odowanego i \u015bredniowymiarowego &#8211; temat rozwojowy finansowany przez Dyrekcj\u0119 Generaln\u0105 Las\u00f3w Pa\u0144stwowych (cz\u0142onek Rady Konsorcjum, koordynator na SGGW, wykonawca)<\/p>\n<li> <strong>2017-2019<\/strong> &#8211; Knowledge and Technologies for Effective Wood Procurement (TECH4EFFECT). Horizon2020 BBI (wykonawca, koordynator na SGGW) <a href=\"http:\/\/www.tech4effect.eu\/\">http:\/\/www.tech4effect.eu<\/a><\/p>\n<li> <strong>2015-2018<\/strong> &#8211; Teledetekcyjne okre\u015blanie biomasy drzewnej i zasob\u00f3w w\u0119gla w lasach (REMBIOFOR). NCBiR, BIOSTRATEG I \u2013 \u015arodowisko naturalne, rolnictwo i le\u015bnictwo (wykonawca, koordynator na SGGW) <a href=\"http:\/\/rembiofor.pl\">http:\/\/rembiofor.pl<\/a><\/p>\n<li> <strong>2013-2017<\/strong> &#8211; Ekologiczne i ekonomiczne konsekwencje wyst\u0119powania wybranych obcych drzew le\u015bnych w Polsce. Dyrekcja Generalna Las\u00f3w Pa\u0144stwowych (kierownik)<\/p>\n<li> <strong>2012-2016<\/strong> &#8211; <strong>FOR<\/strong>est management strategies to enhance the <strong>MIT<\/strong>igation potential of European forests (FORMIT). 7PR Unii Europejskiej (principal investigator) <a href=\"https:\/\/cordis.europa.eu\/project\/id\/311970\/reporting\">http:\/\/eu-formit.eu<\/a><\/p>\n<\/div>\n\n\n\n<span class=\"collapseomatic \" id=\"id69e12321d4166\"  tabindex=\"0\" title=\"&lt;h4&gt;INNE WYBRANE AKTYWNO\u015aCI&lt;\/h4&gt;\"    ><h4>INNE WYBRANE AKTYWNO\u015aCI<\/h4><\/span><div id=\"target-id69e12321d4166\" class=\"collapseomatic_content \">\n<li> <strong>2020-obecnie<\/strong> &#8211; Wiceprzewodnicz\u0105cy Konferencji Rektor\u00f3w Akademickich Szk\u00f3\u0142 Polskich (KRASP)<\/p>\n<li> <strong>2020-obecnie<\/strong> &#8211; Cz\u0142onek Rady ds. Rolnictwa i Obszar\u00f3w Wiejskich przy Prezydencie RP<\/p>\n<li> <strong>2020-obecnie<\/strong> &#8211; Cz\u0142onek Komitetu Nauk Le\u015bnych i Technologii Drewna Polskiej Akademii Nauk<\/p>\n<li> <strong>2020-obecnie<\/strong> &#8211; Cz\u0142onek zarz\u0105du i wiceprzewodnicz\u0105cy Association for European Life Science Universities (ICA)<\/p>\n<li> <strong>2019-obecnie<\/strong> &#8211; Cz\u0142onek zarz\u0105du CASEE &#8211; the ICA Regional Network for Central and South Eastern Europe<\/p>\n<li> <strong>2016-2020<\/strong> Cz\u0142onek Komisji ds. Wsp\u00f3\u0142pracy Mi\u0119dzynarodowej Konferencji Rektor\u00f3w Akademickich Szk\u00f3\u0142 Polskich (KRASP)<\/p>\n<li> <strong>2016-obecnie<\/strong> Cz\u0142onek Kapitu\u0142y Nagrody im. Iwana Wyhowskiego<\/p>  \n<li> <strong>2016-2020<\/strong> &#8211; Cz\u0142onek Komitetu Nauk Le\u015bnych i Technologii Drewna Polskiej Akademii Nauk<\/p>\n<li> <strong>2013-2018<\/strong> &#8211; Audytor finansowy Europejskiego Instytutu Le\u015bnego (European Forest Institute, EFI)<\/p>\n<li> <strong>2012-2016<\/strong> &#8211; Cz\u0142onek Rady Naukowej Instytutu Badawczego Le\u015bnictwa w S\u0119kocinie Starym<\/p> \n<li> <strong>2011-2015<\/strong> &#8211; Cz\u0142onek i zast\u0119pca przewodnicz\u0105cego Komitetu Nauk Le\u015bnych Polskiej Akademii Nauk<\/p>\n<li> <strong>2010-2013<\/strong> &#8211; Ekspert w projekcie TEMPUS \u201cCurriculum Invoking Bologna-aligned Education Leading to reform in Environmental Studies CIBELES\u201d, cz\u0142onek komisji akredytacyjnej 3 uniwersytet\u00f3w w Kirgistanie<\/p>\n<li> <strong>2008-2011<\/strong> &#8211; Ekspert w projekcie FSS \u201cPolish Education Dynamical Development Assistance\u201d Pol-EDDA (przy wsp\u00f3\u0142pracy z Uniwersytem Jagiello\u0144skim oraz University of Iceland)<\/p> \n<li> <strong>2009-2011<\/strong> &#8211; Ekspert w projekcie TEMPUS \u201cCentral Asian Network for Quality Assurance and Accreditation CANQA\u201d <\/p>\n<li> <strong>2009-2011<\/strong> &#8211; Cz\u0142onek Naukowego Zespo\u0142u Doradczego przy Dyrekcji Generalnej Las\u00f3w Pa\u0144stwowych <\/p>\n<li> Recenzent akrtyku\u0142\u00f3w w czasopismach: Forest Science, Journal of Forestry, Forest Ecology and Management, Annals of Forest Science, Canadian Journal of Forest Research, Sylwan, Biometrical Letters, Folia Forestalia Polonica, Annals of Geomatics, Remote Sensing of Environment, Mathematical Biosciences i in. <\/p>\n<li> Cz\u0142onek rady programowej czasopism Folia Forestalia Polonica, Open Forest Science Journal (2008-2012), Studia i Materia\u0142y Centrum Edukacji Przyrodniczo-Le\u015bnej w Rogowie (2008-2012, 2018-2021), cz\u0142onek komitetu redakcyjnego Austrian Journal of Forest Science (2018-)<\/p>\n<li> Cz\u0142onek Polskiego Towarzystwa Le\u015bnego oraz Polskiego Zwi\u0105zku Kr\u00f3tkofalowc\u00f3w<\/p>\n<\/div>\n\n\n\n<span class=\"collapseomatic \" id=\"id69e12321d4195\"  tabindex=\"0\" title=\"&lt;h4&gt;WYBRANE NAGRODY I WYR\u00d3\u017bNIENIA&lt;\/h4&gt;\"    ><h4>WYBRANE NAGRODY I WYR\u00d3\u017bNIENIA<\/h4><\/span><div id=\"target-id69e12321d4195\" class=\"collapseomatic_content \">\n<li> <strong>2023<\/strong> &#8211; Z\u0142oty Medal \u201eZas\u0142u\u017cony dla Nauki Polskiej Sapientia et Veritas\u201d<\/p>\n<li> <strong>2018<\/strong> &#8211; Srebrny Krzy\u017c Zas\u0142ugi<\/p>\n<li> <strong>2015<\/strong> &#8211; Srebrny Medal za D\u0142ugoletni\u0105 S\u0142u\u017cb\u0119 <\/p>\n<li> Nagrody JM Rektora SGGW: 2 za dzia\u0142alno\u015b\u0107 naukow\u0105, 1 za dzia\u0142alno\u015b\u0107 dydaktyczn\u0105, 11 za dzia\u0142alno\u015b\u0107 organizacyjn\u0105<\/p>\n<\/div>\n\n\n\n<p><\/p>\n","protected":false},"excerpt":{"rendered":"<p>Prof. dr hab. in\u017c. Micha\u0142 Jerzy Zasada<\/p>\n","protected":false},"author":1,"featured_media":586,"parent":0,"menu_order":0,"comment_status":"closed","ping_status":"closed","template":"","meta":{"footnotes":""},"_links":{"self":[{"href":"https:\/\/mzasada.pl\/index.php\/wp-json\/wp\/v2\/pages\/26"}],"collection":[{"href":"https:\/\/mzasada.pl\/index.php\/wp-json\/wp\/v2\/pages"}],"about":[{"href":"https:\/\/mzasada.pl\/index.php\/wp-json\/wp\/v2\/types\/page"}],"author":[{"embeddable":true,"href":"https:\/\/mzasada.pl\/index.php\/wp-json\/wp\/v2\/users\/1"}],"replies":[{"embeddable":true,"href":"https:\/\/mzasada.pl\/index.php\/wp-json\/wp\/v2\/comments?post=26"}],"version-history":[{"count":52,"href":"https:\/\/mzasada.pl\/index.php\/wp-json\/wp\/v2\/pages\/26\/revisions"}],"predecessor-version":[{"id":610,"href":"https:\/\/mzasada.pl\/index.php\/wp-json\/wp\/v2\/pages\/26\/revisions\/610"}],"wp:featuredmedia":[{"embeddable":true,"href":"https:\/\/mzasada.pl\/index.php\/wp-json\/wp\/v2\/media\/586"}],"wp:attachment":[{"href":"https:\/\/mzasada.pl\/index.php\/wp-json\/wp\/v2\/media?parent=26"}],"curies":[{"name":"wp","href":"https:\/\/api.w.org\/{rel}","templated":true}]}}